
{"id":3663,"date":"2023-09-19T10:36:30","date_gmt":"2023-09-19T10:36:30","guid":{"rendered":"https:\/\/www.hbroen.com\/serie\/"},"modified":"2023-09-27T10:07:50","modified_gmt":"2023-09-27T10:07:50","slug":"serie","status":"publish","type":"page","link":"https:\/\/hbroen.accept.wordpress.crebos.online\/nl\/serie\/","title":{"rendered":"Serie"},"content":{"rendered":"\t\t<div data-elementor-type=\"wp-page\" data-elementor-id=\"3663\" class=\"elementor elementor-3663 elementor-3335\" data-elementor-post-type=\"page\">\n\t\t\t\t\t\t\t\t\t<section class=\"elementor-section elementor-top-section elementor-element elementor-element-f81ca58 elementor-section-height-min-height home-hero elementor-section-boxed elementor-section-height-default elementor-section-items-middle\" data-id=\"f81ca58\" data-element_type=\"section\" data-settings=\"{&quot;background_background&quot;:&quot;classic&quot;}\">\n\t\t\t\t\t\t<div class=\"elementor-container elementor-column-gap-default\">\n\t\t\t\t\t<div class=\"elementor-column elementor-col-100 elementor-top-column elementor-element elementor-element-14d8885\" data-id=\"14d8885\" data-element_type=\"column\">\n\t\t\t<div class=\"elementor-widget-wrap elementor-element-populated\">\n\t\t\t\t\t\t\t\t<div class=\"elementor-element elementor-element-0f8bc3c elementor-widget elementor-widget-text-editor\" data-id=\"0f8bc3c\" data-element_type=\"widget\" data-widget_type=\"text-editor.default\">\n\t\t\t\t<div class=\"elementor-widget-container\">\n\t\t\t<style>\/*! elementor - v3.18.0 - 20-12-2023 *\/\n.elementor-widget-text-editor.elementor-drop-cap-view-stacked .elementor-drop-cap{background-color:#69727d;color:#fff}.elementor-widget-text-editor.elementor-drop-cap-view-framed .elementor-drop-cap{color:#69727d;border:3px solid;background-color:transparent}.elementor-widget-text-editor:not(.elementor-drop-cap-view-default) .elementor-drop-cap{margin-top:8px}.elementor-widget-text-editor:not(.elementor-drop-cap-view-default) .elementor-drop-cap-letter{width:1em;height:1em}.elementor-widget-text-editor .elementor-drop-cap{float:left;text-align:center;line-height:1;font-size:50px}.elementor-widget-text-editor .elementor-drop-cap-letter{display:inline-block}<\/style>\t\t\t\t<p>Investeerdersrelaties<\/p>\n\t\t\t\t\t\t<\/div>\n\t\t\t\t<\/div>\n\t\t\t\t<div class=\"elementor-element elementor-element-624df6f heading elementor-widget elementor-widget-text-editor\" data-id=\"624df6f\" data-element_type=\"widget\" data-widget_type=\"text-editor.default\">\n\t\t\t\t<div class=\"elementor-widget-container\">\n\t\t\t\t\t\t\t<p>SERIE<\/p>\n\t\t\t\t\t\t<\/div>\n\t\t\t\t<\/div>\n\t\t\t\t<div class=\"elementor-element elementor-element-582ae66 elementor-widget__width-inherit elementor-mobile-align-center elementor-widget-mobile__width-inherit elementor-align-center elementor-widget elementor-widget-button\" data-id=\"582ae66\" data-element_type=\"widget\" data-widget_type=\"button.default\">\n\t\t\t\t<div class=\"elementor-widget-container\">\n\t\t\t\t\t<div class=\"elementor-button-wrapper\">\n\t\t\t<a class=\"elementor-button elementor-button-link elementor-size-sm\" href=\"#second-section\">\n\t\t\t\t\t\t<span class=\"elementor-button-content-wrapper\">\n\t\t\t\t\t\t<span class=\"elementor-button-text\">DOORGAAN<\/span>\n\t\t<\/span>\n\t\t\t\t\t<\/a>\n\t\t<\/div>\n\t\t\t\t<\/div>\n\t\t\t\t<\/div>\n\t\t\t\t\t<\/div>\n\t\t<\/div>\n\t\t\t\t\t\t\t<\/div>\n\t\t<\/section>\n\t\t\t\t<section class=\"elementor-section elementor-top-section elementor-element elementor-element-766e332 elementor-section-boxed elementor-section-height-default elementor-section-height-default\" data-id=\"766e332\" data-element_type=\"section\" id=\"second-section\" data-settings=\"{&quot;background_background&quot;:&quot;classic&quot;}\">\n\t\t\t\t\t\t<div class=\"elementor-container elementor-column-gap-default\">\n\t\t\t\t\t<div class=\"elementor-column elementor-col-100 elementor-top-column elementor-element elementor-element-c98cdc0\" data-id=\"c98cdc0\" data-element_type=\"column\">\n\t\t\t<div class=\"elementor-widget-wrap elementor-element-populated\">\n\t\t\t\t\t\t\t\t<div class=\"elementor-element elementor-element-39b9bb0 report-title elementor-widget elementor-widget-text-editor\" data-id=\"39b9bb0\" data-element_type=\"widget\" data-widget_type=\"text-editor.default\">\n\t\t\t\t<div class=\"elementor-widget-container\">\n\t\t\t\t\t\t\t<p>STRAATGEGEVENS<\/p>\n\t\t\t\t\t\t<\/div>\n\t\t\t\t<\/div>\n\t\t\t\t<div class=\"elementor-element elementor-element-51e75a7 elementor-widget elementor-widget-report-table\" data-id=\"51e75a7\" data-element_type=\"widget\" data-widget_type=\"report-table.default\">\n\t\t\t\t<div class=\"elementor-widget-container\">\n\t\t\t<div>\r\n    <table class=\"document__table\">\r\n        <tbody>\r\n                            <tr>\r\n                    <td class=\"document__title\">Wertpapiertyp<\/td>\r\n                    <td class=\"document__button\">\tAnleihe<\/td>\r\n                <\/tr>\r\n                            <tr>\r\n                    <td class=\"document__title\">ISIN<\/td>\r\n                    <td class=\"document__button\"><a href=\"https:\/\/www.boerse-duesseldorf.de\/anleihen\/DE000A283WQ2\/henri-broen-holding-b-v-eo-schuldverschr-202022-25\/\" target=\"_blank\" rel=\"noreferrer noopener\">DE000A283WQ2<\/a><\/td>\r\n                <\/tr>\r\n                            <tr>\r\n                    <td class=\"document__title\">WKN<\/td>\r\n                    <td class=\"document__button\">A283WQ<\/td>\r\n                <\/tr>\r\n                            <tr>\r\n                    <td class=\"document__title\">W\u00e4hrung<\/td>\r\n                    <td class=\"document__button\">EUR<\/td>\r\n                <\/tr>\r\n                            <tr>\r\n                    <td class=\"document__title\">Notierungseinheit<\/td>\r\n                    <td class=\"document__button\">Prozent<\/td>\r\n                <\/tr>\r\n                            <tr>\r\n                    <td class=\"document__title\">Erstnotierung<\/td>\r\n                    <td class=\"document__button\">18.12.2020<\/td>\r\n                <\/tr>\r\n                            <tr>\r\n                    <td class=\"document__title\">St\u00fcckelung<\/td>\r\n                    <td class=\"document__button\">1.000,00<\/td>\r\n                <\/tr>\r\n                            <tr>\r\n                    <td class=\"document__title\">Kupon<\/td>\r\n                    <td class=\"document__button\">7,500<\/td>\r\n                <\/tr>\r\n                            <tr>\r\n                    <td class=\"document__title\">Kupontyp<\/td>\r\n                    <td class=\"document__button\">Fest<\/td>\r\n                <\/tr>\r\n                            <tr>\r\n                    <td class=\"document__title\">F\u00e4lligkeit<\/td>\r\n                    <td class=\"document__button\">18.12.2025<\/td>\r\n                <\/tr>\r\n                            <tr>\r\n                    <td class=\"document__title\">Zinstermin<\/td>\r\n                    <td class=\"document__button\">18.12.<\/td>\r\n                <\/tr>\r\n                            <tr>\r\n                    <td class=\"document__title\">Anzahl Zinstermine<\/td>\r\n                    <td class=\"document__button\">J\u00e4hrlich<\/td>\r\n                <\/tr>\r\n                            <tr>\r\n                    <td class=\"document__title\">Zinslauf ab<\/td>\r\n                    <td class=\"document__button\">18.12.2020<\/td>\r\n                <\/tr>\r\n                            <tr>\r\n                    <td class=\"document__title\">B\u00f6rse<\/td>\r\n                    <td class=\"document__button\">B\u00f6rse Frankfurt<\/td>\r\n                <\/tr>\r\n                            <tr>\r\n                    <td class=\"document__title\">Marktsegment<\/td>\r\n                    <td class=\"document__button\">Freiverkehr<\/td>\r\n                <\/tr>\r\n                            <tr>\r\n                    <td class=\"document__title\">Emissionsvolumen<\/td>\r\n                    <td class=\"document__button\">25.000.000<\/td>\r\n                <\/tr>\r\n                    <\/tbody>\r\n    <\/table>\r\n<\/div>\t\t<\/div>\n\t\t\t\t<\/div>\n\t\t\t\t<div class=\"elementor-element elementor-element-bb0dc3e report-title elementor-widget elementor-widget-text-editor\" data-id=\"bb0dc3e\" data-element_type=\"widget\" data-widget_type=\"text-editor.default\">\n\t\t\t\t<div class=\"elementor-widget-container\">\n\t\t\t\t\t\t\t<p>DOWNLOADS<\/p>\n\t\t\t\t\t\t<\/div>\n\t\t\t\t<\/div>\n\t\t\t\t<div class=\"elementor-element elementor-element-dc94f7d elementor-widget elementor-widget-report-download\" data-id=\"dc94f7d\" data-element_type=\"widget\" data-widget_type=\"report-download.default\">\n\t\t\t\t<div class=\"elementor-widget-container\">\n\t\t\t<div>\r\n    <table class=\"document__table\">\r\n        <tbody>\r\n                            <tr>\r\n                    <td class=\"document__title\">2020-12-02 Information Memorandum \u2013 Henri Broen Holding B.V. 7,5% (20\/25)<\/td>\r\n                    <td class=\"document__button\">\r\n                        <a href=\"https:\/\/www.hbroen.com\/wp-content\/uploads\/2022\/10\/201202_Information-Memorandum_Henri-Broen-Holding-BV_final.pdf\" target=\"_blank\">LEES MEER<\/a>\r\n                    <\/td>\r\n                <\/tr>\r\n                    <\/tbody>\r\n    <\/table>\r\n<\/div>\t\t<\/div>\n\t\t\t\t<\/div>\n\t\t\t\t\t<\/div>\n\t\t<\/div>\n\t\t\t\t\t\t\t<\/div>\n\t\t<\/section>\n\t\t\t\t\t\t\t<\/div>\n\t\t","protected":false},"excerpt":{"rendered":"<p>Investeerdersrelaties SERIE DOORGAAN STRAATGEGEVENS Wertpapiertyp Anleihe ISIN DE000A283WQ2 WKN A283WQ W\u00e4hrung EUR Notierungseinheit Prozent Erstnotierung 18.12.2020 St\u00fcckelung 1.000,00 Kupon 7,500 Kupontyp Fest F\u00e4lligkeit 18.12.2025 Zinstermin 18.12. Anzahl Zinstermine J\u00e4hrlich Zinslauf ab 18.12.2020 B\u00f6rse B\u00f6rse Frankfurt Marktsegment Freiverkehr Emissionsvolumen 25.000.000 DOWNLOADS 2020-12-02 Information Memorandum \u2013 Henri Broen Holding B.V. 7,5% (20\/25)<\/p>\n","protected":false},"author":1,"featured_media":0,"parent":0,"menu_order":0,"comment_status":"closed","ping_status":"closed","template":"","meta":{"footnotes":""},"class_list":["post-3663","page","type-page","status-publish","hentry"],"acf":[],"yoast_head":"<!-- This site is optimized with the Yoast SEO plugin v22.3 - https:\/\/yoast.com\/wordpress\/plugins\/seo\/ -->\n<title>Serie - HenriPay Holding\u00a0N.V. - Henri Broen Holding<\/title>\n<meta name=\"robots\" content=\"noindex, follow, max-snippet:-1, max-image-preview:large, max-video-preview:-1\" \/>\n<meta property=\"og:locale\" content=\"nl_NL\" \/>\n<meta property=\"og:type\" content=\"article\" \/>\n<meta property=\"og:title\" content=\"Serie - HenriPay Holding\u00a0N.V. - Henri Broen Holding\" \/>\n<meta property=\"og:description\" content=\"Investeerdersrelaties SERIE DOORGAAN STRAATGEGEVENS Wertpapiertyp Anleihe ISIN DE000A283WQ2 WKN A283WQ W\u00e4hrung EUR Notierungseinheit Prozent Erstnotierung 18.12.2020 St\u00fcckelung 1.000,00 Kupon 7,500 Kupontyp Fest F\u00e4lligkeit 18.12.2025 Zinstermin 18.12. Anzahl Zinstermine J\u00e4hrlich Zinslauf ab 18.12.2020 B\u00f6rse B\u00f6rse Frankfurt Marktsegment Freiverkehr Emissionsvolumen 25.000.000 DOWNLOADS 2020-12-02 Information Memorandum \u2013 Henri Broen Holding B.V. 7,5% (20\/25)\" \/>\n<meta property=\"og:url\" content=\"https:\/\/hbroen.accept.wordpress.crebos.online\/nl\/serie\/\" \/>\n<meta property=\"og:site_name\" content=\"HenriPay Holding\u00a0N.V. - Henri Broen Holding\" \/>\n<meta property=\"article:modified_time\" content=\"2023-09-27T10:07:50+00:00\" \/>\n<meta name=\"twitter:card\" content=\"summary_large_image\" \/>\n<script type=\"application\/ld+json\" class=\"yoast-schema-graph\">{\"@context\":\"https:\/\/schema.org\",\"@graph\":[{\"@type\":\"WebPage\",\"@id\":\"https:\/\/hbroen.accept.wordpress.crebos.online\/nl\/serie\/\",\"url\":\"https:\/\/hbroen.accept.wordpress.crebos.online\/nl\/serie\/\",\"name\":\"Serie - HenriPay Holding\u00a0N.V. - Henri Broen Holding\",\"isPartOf\":{\"@id\":\"https:\/\/hbroen.accept.wordpress.crebos.online\/nl\/#website\"},\"datePublished\":\"2023-09-19T10:36:30+00:00\",\"dateModified\":\"2023-09-27T10:07:50+00:00\",\"breadcrumb\":{\"@id\":\"https:\/\/hbroen.accept.wordpress.crebos.online\/nl\/serie\/#breadcrumb\"},\"inLanguage\":\"nl-NL\",\"potentialAction\":[{\"@type\":\"ReadAction\",\"target\":[\"https:\/\/hbroen.accept.wordpress.crebos.online\/nl\/serie\/\"]}]},{\"@type\":\"BreadcrumbList\",\"@id\":\"https:\/\/hbroen.accept.wordpress.crebos.online\/nl\/serie\/#breadcrumb\",\"itemListElement\":[{\"@type\":\"ListItem\",\"position\":1,\"name\":\"Startseite\",\"item\":\"https:\/\/hbroen.accept.wordpress.crebos.online\/nl\/\"},{\"@type\":\"ListItem\",\"position\":2,\"name\":\"Serie\"}]},{\"@type\":\"WebSite\",\"@id\":\"https:\/\/hbroen.accept.wordpress.crebos.online\/nl\/#website\",\"url\":\"https:\/\/hbroen.accept.wordpress.crebos.online\/nl\/\",\"name\":\"HB HOLDING N.V.\",\"description\":\"\",\"publisher\":{\"@id\":\"https:\/\/hbroen.accept.wordpress.crebos.online\/nl\/#organization\"},\"potentialAction\":[{\"@type\":\"SearchAction\",\"target\":{\"@type\":\"EntryPoint\",\"urlTemplate\":\"https:\/\/hbroen.accept.wordpress.crebos.online\/nl\/?s={search_term_string}\"},\"query-input\":\"required name=search_term_string\"}],\"inLanguage\":\"nl-NL\"},{\"@type\":\"Organization\",\"@id\":\"https:\/\/hbroen.accept.wordpress.crebos.online\/nl\/#organization\",\"name\":\"HB HOLDING N.V.\",\"url\":\"https:\/\/hbroen.accept.wordpress.crebos.online\/nl\/\",\"logo\":{\"@type\":\"ImageObject\",\"inLanguage\":\"nl-NL\",\"@id\":\"https:\/\/hbroen.accept.wordpress.crebos.online\/nl\/#\/schema\/logo\/image\/\",\"url\":\"https:\/\/www.hbroen.com\/wp-content\/uploads\/2023\/08\/Fav-icon.svg\",\"contentUrl\":\"https:\/\/www.hbroen.com\/wp-content\/uploads\/2023\/08\/Fav-icon.svg\",\"width\":40,\"height\":40,\"caption\":\"HB HOLDING N.V.\"},\"image\":{\"@id\":\"https:\/\/hbroen.accept.wordpress.crebos.online\/nl\/#\/schema\/logo\/image\/\"},\"sameAs\":[\"https:\/\/www.linkedin.com\/company\/hb-holding-nv\"]}]}<\/script>\n<!-- \/ Yoast SEO plugin. -->","yoast_head_json":{"title":"Serie - HenriPay Holding\u00a0N.V. - Henri Broen Holding","robots":{"index":"noindex","follow":"follow","max-snippet":"max-snippet:-1","max-image-preview":"max-image-preview:large","max-video-preview":"max-video-preview:-1"},"og_locale":"nl_NL","og_type":"article","og_title":"Serie - HenriPay Holding\u00a0N.V. - Henri Broen Holding","og_description":"Investeerdersrelaties SERIE DOORGAAN STRAATGEGEVENS Wertpapiertyp Anleihe ISIN DE000A283WQ2 WKN A283WQ W\u00e4hrung EUR Notierungseinheit Prozent Erstnotierung 18.12.2020 St\u00fcckelung 1.000,00 Kupon 7,500 Kupontyp Fest F\u00e4lligkeit 18.12.2025 Zinstermin 18.12. Anzahl Zinstermine J\u00e4hrlich Zinslauf ab 18.12.2020 B\u00f6rse B\u00f6rse Frankfurt Marktsegment Freiverkehr Emissionsvolumen 25.000.000 DOWNLOADS 2020-12-02 Information Memorandum \u2013 Henri Broen Holding B.V. 7,5% (20\/25)","og_url":"https:\/\/hbroen.accept.wordpress.crebos.online\/nl\/serie\/","og_site_name":"HenriPay Holding\u00a0N.V. - Henri Broen Holding","article_modified_time":"2023-09-27T10:07:50+00:00","twitter_card":"summary_large_image","schema":{"@context":"https:\/\/schema.org","@graph":[{"@type":"WebPage","@id":"https:\/\/hbroen.accept.wordpress.crebos.online\/nl\/serie\/","url":"https:\/\/hbroen.accept.wordpress.crebos.online\/nl\/serie\/","name":"Serie - HenriPay Holding\u00a0N.V. - Henri Broen Holding","isPartOf":{"@id":"https:\/\/hbroen.accept.wordpress.crebos.online\/nl\/#website"},"datePublished":"2023-09-19T10:36:30+00:00","dateModified":"2023-09-27T10:07:50+00:00","breadcrumb":{"@id":"https:\/\/hbroen.accept.wordpress.crebos.online\/nl\/serie\/#breadcrumb"},"inLanguage":"nl-NL","potentialAction":[{"@type":"ReadAction","target":["https:\/\/hbroen.accept.wordpress.crebos.online\/nl\/serie\/"]}]},{"@type":"BreadcrumbList","@id":"https:\/\/hbroen.accept.wordpress.crebos.online\/nl\/serie\/#breadcrumb","itemListElement":[{"@type":"ListItem","position":1,"name":"Startseite","item":"https:\/\/hbroen.accept.wordpress.crebos.online\/nl\/"},{"@type":"ListItem","position":2,"name":"Serie"}]},{"@type":"WebSite","@id":"https:\/\/hbroen.accept.wordpress.crebos.online\/nl\/#website","url":"https:\/\/hbroen.accept.wordpress.crebos.online\/nl\/","name":"HB HOLDING N.V.","description":"","publisher":{"@id":"https:\/\/hbroen.accept.wordpress.crebos.online\/nl\/#organization"},"potentialAction":[{"@type":"SearchAction","target":{"@type":"EntryPoint","urlTemplate":"https:\/\/hbroen.accept.wordpress.crebos.online\/nl\/?s={search_term_string}"},"query-input":"required name=search_term_string"}],"inLanguage":"nl-NL"},{"@type":"Organization","@id":"https:\/\/hbroen.accept.wordpress.crebos.online\/nl\/#organization","name":"HB HOLDING N.V.","url":"https:\/\/hbroen.accept.wordpress.crebos.online\/nl\/","logo":{"@type":"ImageObject","inLanguage":"nl-NL","@id":"https:\/\/hbroen.accept.wordpress.crebos.online\/nl\/#\/schema\/logo\/image\/","url":"https:\/\/www.hbroen.com\/wp-content\/uploads\/2023\/08\/Fav-icon.svg","contentUrl":"https:\/\/www.hbroen.com\/wp-content\/uploads\/2023\/08\/Fav-icon.svg","width":40,"height":40,"caption":"HB HOLDING N.V."},"image":{"@id":"https:\/\/hbroen.accept.wordpress.crebos.online\/nl\/#\/schema\/logo\/image\/"},"sameAs":["https:\/\/www.linkedin.com\/company\/hb-holding-nv"]}]}},"_links":{"self":[{"href":"https:\/\/hbroen.accept.wordpress.crebos.online\/nl\/wp-json\/wp\/v2\/pages\/3663","targetHints":{"allow":["GET"]}}],"collection":[{"href":"https:\/\/hbroen.accept.wordpress.crebos.online\/nl\/wp-json\/wp\/v2\/pages"}],"about":[{"href":"https:\/\/hbroen.accept.wordpress.crebos.online\/nl\/wp-json\/wp\/v2\/types\/page"}],"author":[{"embeddable":true,"href":"https:\/\/hbroen.accept.wordpress.crebos.online\/nl\/wp-json\/wp\/v2\/users\/1"}],"replies":[{"embeddable":true,"href":"https:\/\/hbroen.accept.wordpress.crebos.online\/nl\/wp-json\/wp\/v2\/comments?post=3663"}],"version-history":[{"count":4,"href":"https:\/\/hbroen.accept.wordpress.crebos.online\/nl\/wp-json\/wp\/v2\/pages\/3663\/revisions"}],"predecessor-version":[{"id":3868,"href":"https:\/\/hbroen.accept.wordpress.crebos.online\/nl\/wp-json\/wp\/v2\/pages\/3663\/revisions\/3868"}],"wp:attachment":[{"href":"https:\/\/hbroen.accept.wordpress.crebos.online\/nl\/wp-json\/wp\/v2\/media?parent=3663"}],"curies":[{"name":"wp","href":"https:\/\/api.w.org\/{rel}","templated":true}]}}